{"id":2238,"date":"2024-09-10T10:57:06","date_gmt":"2024-09-10T09:57:06","guid":{"rendered":"https:\/\/www.meat2000.de\/hinweisgeber\/"},"modified":"2025-07-10T14:04:07","modified_gmt":"2025-07-10T13:04:07","slug":"whistleblower","status":"publish","type":"page","link":"https:\/\/www.meat2000.de\/en\/whistleblower\/","title":{"rendered":"Whistleblower"},"content":{"rendered":"\n            <div class=\"block-hero subpage\">\n    \n                    <div class=\"hero-image\">\n                 <img width=\"1280\" height=\"660\" src=\"https:\/\/www.meat2000.de\/wp-content\/uploads\/2024\/10\/bg-sortiment-bison_neu.jpg\" class=\"hero-img\" alt=\"\" loading=\"eager\" fetchpriority=\"high\" decoding=\"async\" srcset=\"https:\/\/www.meat2000.de\/wp-content\/uploads\/2024\/10\/bg-sortiment-bison_neu.jpg 1280w, https:\/\/www.meat2000.de\/wp-content\/uploads\/2024\/10\/bg-sortiment-bison_neu-300x155.jpg 300w, https:\/\/www.meat2000.de\/wp-content\/uploads\/2024\/10\/bg-sortiment-bison_neu-1024x528.jpg 1024w, https:\/\/www.meat2000.de\/wp-content\/uploads\/2024\/10\/bg-sortiment-bison_neu-768x396.jpg 768w, https:\/\/www.meat2000.de\/wp-content\/uploads\/2024\/10\/bg-sortiment-bison_neu-800x413.jpg 800w, https:\/\/www.meat2000.de\/wp-content\/uploads\/2024\/10\/bg-sortiment-bison_neu-100x52.jpg 100w, https:\/\/www.meat2000.de\/wp-content\/uploads\/2024\/10\/bg-sortiment-bison_neu-1200x619.jpg 1200w, https:\/\/www.meat2000.de\/wp-content\/uploads\/2024\/10\/bg-sortiment-bison_neu-388x200.jpg 388w\" sizes=\"(max-width: 1280px) 100vw, 1280px\" \/>            <\/div>\n         \n\n         \n\n        <div class=\"container\">\n            <div class=\"hero-wrapper d-flex align-items-center flex-column\">\n                  \n\n                <h1>\n                                                                        <span class=\"h2 title\">Whistleblower<\/span>\n                           \n                       \n\n                      \n                <\/h1>\n                \n                                    <div class=\"slogan\">\n                        <span class=\"btn\">heristo Aktiengesellschaft &#8211; the quality group<\/span>\n                    <\/div>\n                  \n            <\/div>\n        <\/div>\n    <\/div>\n\n\n\n    <div class=\"block-text-teasers text-bg  \" id=\"\" >\n        <div class=\"container\">\n            <div class=\"row\">\n                <div class=\"col-md-5\">\n                    <div class=\"headline\">\n                        \t\n\n                                            <\/div>\n                <\/div>\n\n                <div class=\"col-md-6 offset-md-1\">\t\n                     \n\n                    \t\n                <\/div>\n            <\/div>\n\n                            <div class=\"text-teasers-container\">\n\n                                        \n                        <div class=\"text-teasers-item\">\n                            <div class=\"row\">\n                                <div class=\"col-md-4\">\n                                                                                                                        <h3 class=\"title_teaser h5 color-primary\">Whistleblower Portal of the heristo group<\/h3>\n                                                                            \n                                     \n                                <\/div>\n\n                                <div class=\"col-md-7\">\n                                    \n                                                                            <div class=\"text_teaser\">\n                                            <p>The heristo Group has set up a whistleblower portal where you can report serious issues relating to the respective Group companies or their supply chain. If you decide to become a whistleblower, you will not have to fear any consequences from the heristo Group.<\/p>\n                                        <\/div>\n                                    \t\n\n                                                                            <a class=\"btn primary-button\" href=\"https:\/\/fp-whistleblowing.com\/#\/submission\" target=\"\">Whistleblower-Portal<\/a>\n                                    \t\n                                <\/div>\n                            <\/div>\n                        <\/div>\n                                        \n                        <div class=\"text-teasers-item\">\n                            <div class=\"row\">\n                                <div class=\"col-md-4\">\n                                                                                                                        <h3 class=\"title_teaser h5 color-primary\">Ombudsman FIRST PRIVACY B.V.<\/h3>\n                                                                            \n                                     \n                                <\/div>\n\n                                <div class=\"col-md-7\">\n                                    \n                                                                            <div class=\"text_teaser\">\n                                            <p>It is important to clarify that your report will be sent directly to our external ombudsman FIRST PRIVACY B.V. in Amsterdam, the Netherlands, who will treat it confidentially and forward it to the responsible persons within the internal audit department of the heristo Group after an initial review. FIRST PRIVACY B.V. respects your wish either to be named or to remain anonymous. You can find more information about how we handle your message in the FIRST PRIVACY B.V. privacy policy.<\/p>\n                                        <\/div>\n                                    \t\n\n                                                                            <a class=\"btn primary-button\" href=\"https:\/\/fp-whistleblowing.com\/s\/PrivacyNotice-EN.pdf\" target=\"\">Privacy Notice of FIRST PRIVACY B.V.<\/a>\n                                    \t\n                                <\/div>\n                            <\/div>\n                        <\/div>\n                                        \n                        <div class=\"text-teasers-item\">\n                            <div class=\"row\">\n                                <div class=\"col-md-4\">\n                                                                                                                        <h3 class=\"title_teaser h5 color-primary\">Safety notice<\/h3>\n                                                                            \n                                     \n                                <\/div>\n\n                                <div class=\"col-md-7\">\n                                    \n                                                                            <div class=\"text_teaser\">\n                                            <p>To ensure the best possible anonymity, we would like to point out that it is safer to use the Tor browser and not to submit your report via the company network.<\/p>\n                                        <\/div>\n                                    \t\n\n                                                                            <a class=\"btn primary-button\" href=\"https:\/\/www.torproject.org\/\" target=\"\">Tor-Browser<\/a>\n                                    \t\n                                <\/div>\n                            <\/div>\n                        <\/div>\n                                        \n                        <div class=\"text-teasers-item\">\n                            <div class=\"row\">\n                                <div class=\"col-md-4\">\n                                                                                                                        <h3 class=\"title_teaser h5 color-primary\">Registration on the whistleblower portal<\/h3>\n                                                                            \n                                     \n                                <\/div>\n\n                                <div class=\"col-md-7\">\n                                    \n                                                                            <div class=\"text_teaser\">\n                                            <p>As soon as you have submitted your report via the platform, you will receive a twelve-digit code. This code is the confirmation that your report has been received. You can use this code to log back into the portal (https:\/\/fp-whistleblowing.com\/#\/) to make anonymous comments, answer or ask additional questions\/comments and receive an update on the status of your report within three months. Please visit the portal regularly to answer additional questions or receive feedback.<\/p>\n                                        <\/div>\n                                    \t\n\n                                    \t\n                                <\/div>\n                            <\/div>\n                        <\/div>\n                                        \n                        <div class=\"text-teasers-item\">\n                            <div class=\"row\">\n                                <div class=\"col-md-4\">\n                                                                                                                        <h3 class=\"title_teaser h5 color-primary\">Reporting legal violations<\/h3>\n                                                                            \n                                     \n                                <\/div>\n\n                                <div class=\"col-md-7\">\n                                    \n                                                                            <div class=\"text_teaser\">\n                                            <p>You can submit reports of legal violations or abusive behavior, in particular, but not exclusively, in the following areas: public procurement, financial services, financial products and financial markets as well as the prevention of money laundering and terrorist financing, product safety and compliance, safety in transportation, protecting the environment, food safety, animal health and public health, consumer protection, protection of privacy and personal data as well as security of network and information systems, infringements of the financial interests of the European Union within the meaning of Article 325 TFEU and as further defined in the relevant European Union measures, infringements of internal market rules within the meaning of Article 26(2) TFEU, including infringements of Union rules on competition and State aid, as well as infringements of internal market rules in relation to acts contrary to corporate tax rules or in relation to agreements aimed at obtaining a tax advantage contrary to the object or purpose of the applicable corporate tax law, violations of the law on due diligence in the supply chain, violations of the heristo Code of Conduct for Suppliers, bribery and corruption, theft, bullying, human rights, child labor and forced labor, corruption.   Cases that are obviously not relevant will be deleted without further processing and without confirmation of receipt.ungen \u00fcber Rechtsverst\u00f6\u00dfe oder missbr\u00e4uchliches Verhalten einreichen, insbesondere, aber nicht ausschlie\u00dflich, in den folgenden Bereichen:  \u00f6ffentliches Auftragswesen, Finanzdienstleistungen, Finanzprodukte und Finanzm\u00e4rkte sowie Verhinderung von Geldw\u00e4sche und Terrorismusfinanzierung, Produktsicherheit und Compliance, Sicherheit im Verkehrswesen, Schutz der Umwel, Lebensmittelsicherheit, Tiergesundheit und \u00f6ffentliche Gesundheit, Verbraucherschutz, Schutz der Privatsph\u00e4re und personenbezogener Daten sowie Sicherheit von Netz- und Informationssystemen, Verst\u00f6\u00dfe gegen die finanziellen Interessen der Europ\u00e4ischen Union im Sinne des Artikels 325 AEUV und wie in den einschl\u00e4gigen Ma\u00dfnahmen der Europ\u00e4ischen Union n\u00e4her definiert Verst\u00f6\u00dfe gegen die Binnenmarktvorschriften im Sinne des Artikels 26 Absatz 2 AEUV, einschlie\u00dflich Verst\u00f6\u00dfen gegen die Unionsvorschriften \u00fcber Wettbewerb und staatliche Beihilfen, sowie Verst\u00f6\u00dfe gegen die Binnenmarktvorschriften in Bezug auf Handlungen, die gegen die K\u00f6rperschaftssteuervorschriften versto\u00dfen, oder in Bezug auf Vereinbarungen, die darauf abzielen, einen Steuervorteil zu erlangen, der dem Ziel oder Zweck des geltenden K\u00f6rperschaftssteuerrechts zuwiderl\u00e4uft, Verst\u00f6\u00dfe gegen das Gesetz zur Sorgfaltspflicht in der Lieferkette, Verst\u00f6\u00dfe gegen den heristo-Verhaltenskodex f\u00fcr Lieferanten, Bestechung und Korruption, Diebstahl, Mobbing, Menschenrechte, Kinderarbeit und Zwangsarbeit, Korruption. F\u00e4lle, die offensichtlich nicht relevant sind, werden ohne weitere Bearbeitung und ohne Eingangsbest\u00e4tigung gel\u00f6scht.<\/p>\n                                        <\/div>\n                                    \t\n\n                                    \t\n                                <\/div>\n                            <\/div>\n                        <\/div>\n                                        \n                        <div class=\"text-teasers-item\">\n                            <div class=\"row\">\n                                <div class=\"col-md-4\">\n                                                                                                                        <h3 class=\"title_teaser h5 color-primary\">Reporting in the whistleblower portal<\/h3>\n                                                                            \n                                     \n                                <\/div>\n\n                                <div class=\"col-md-7\">\n                                    \n                                                                            <div class=\"text_teaser\">\n                                            <p>The following link will take you to the open source whistleblower platform operated by FIRST PRIVACY B.V., our ombudsman&#8217;s office, where you can submit your report:<\/p>\n                                        <\/div>\n                                    \t\n\n                                                                            <a class=\"btn primary-button\" href=\"https:\/\/fp-whistleblowing.com\/#\/submission?context=defabbca-256b-49f7-830c-3cb4cc906b50&#038;lang=en\" target=\"\">Submit a report<\/a>\n                                    \t\n                                <\/div>\n                            <\/div>\n                        <\/div>\n                                        \n                        <div class=\"text-teasers-item\">\n                            <div class=\"row\">\n                                <div class=\"col-md-4\">\n                                                                                                                \n                                     \n                                <\/div>\n\n                                <div class=\"col-md-7\">\n                                    \n                                                                            <div class=\"text_teaser\">\n                                            <p>   Further information on data protection at the heristo Group can be found here:<\/p>\n                                        <\/div>\n                                    \t\n\n                                                                            <a class=\"btn primary-button\" href=\"https:\/\/www.meat2000.de\/en\/datenschutz\/\" target=\"\">Datenschutzerkl\u00e4rung heristo<\/a>\n                                    \t\n                                <\/div>\n                            <\/div>\n                        <\/div>\n                                    \n                <\/div>\n             \n        <\/div>\n    <\/div>\n","protected":false},"excerpt":{"rendered":"","protected":false},"author":1,"featured_media":0,"parent":0,"menu_order":0,"comment_status":"closed","ping_status":"closed","template":"","meta":{"_acf_changed":false,"footnotes":""},"class_list":["post-2238","page","type-page","status-publish","hentry"],"acf":[],"yoast_head":"<!-- This site is optimized with the Yoast SEO plugin v27.2 - https:\/\/yoast.com\/product\/yoast-seo-wordpress\/ -->\n<title>Whistleblower - Meat 2000<\/title>\n<meta name=\"robots\" content=\"index, follow, max-snippet:-1, max-image-preview:large, max-video-preview:-1\" \/>\n<link rel=\"canonical\" href=\"https:\/\/www.meat2000.de\/en\/whistleblower\/\" \/>\n<meta property=\"og:locale\" content=\"en_US\" \/>\n<meta property=\"og:type\" content=\"article\" \/>\n<meta property=\"og:title\" content=\"Whistleblower - Meat 2000\" \/>\n<meta property=\"og:url\" content=\"https:\/\/www.meat2000.de\/en\/whistleblower\/\" \/>\n<meta property=\"og:site_name\" content=\"Meat 2000\" \/>\n<meta property=\"article:modified_time\" content=\"2025-07-10T13:04:07+00:00\" \/>\n<meta name=\"twitter:card\" content=\"summary_large_image\" \/>\n<script type=\"application\/ld+json\" class=\"yoast-schema-graph\">{\"@context\":\"https:\/\/schema.org\",\"@graph\":[{\"@type\":\"WebPage\",\"@id\":\"https:\/\/www.meat2000.de\/en\/whistleblower\/\",\"url\":\"https:\/\/www.meat2000.de\/en\/whistleblower\/\",\"name\":\"Whistleblower - Meat 2000\",\"isPartOf\":{\"@id\":\"https:\/\/www.meat2000.de\/en\/#website\"},\"datePublished\":\"2024-09-10T09:57:06+00:00\",\"dateModified\":\"2025-07-10T13:04:07+00:00\",\"breadcrumb\":{\"@id\":\"https:\/\/www.meat2000.de\/en\/whistleblower\/#breadcrumb\"},\"inLanguage\":\"en-US\",\"potentialAction\":[{\"@type\":\"ReadAction\",\"target\":[\"https:\/\/www.meat2000.de\/en\/whistleblower\/\"]}]},{\"@type\":\"BreadcrumbList\",\"@id\":\"https:\/\/www.meat2000.de\/en\/whistleblower\/#breadcrumb\",\"itemListElement\":[{\"@type\":\"ListItem\",\"position\":1,\"name\":\"Startseite\",\"item\":\"https:\/\/www.meat2000.de\/en\/\"},{\"@type\":\"ListItem\",\"position\":2,\"name\":\"Whistleblower\"}]},{\"@type\":\"WebSite\",\"@id\":\"https:\/\/www.meat2000.de\/en\/#website\",\"url\":\"https:\/\/www.meat2000.de\/en\/\",\"name\":\"Meat 2000\",\"description\":\"Ihr Experte f\u00fcr Rindfleisch\",\"potentialAction\":[{\"@type\":\"SearchAction\",\"target\":{\"@type\":\"EntryPoint\",\"urlTemplate\":\"https:\/\/www.meat2000.de\/en\/?s={search_term_string}\"},\"query-input\":{\"@type\":\"PropertyValueSpecification\",\"valueRequired\":true,\"valueName\":\"search_term_string\"}}],\"inLanguage\":\"en-US\"}]}<\/script>\n<!-- \/ Yoast SEO plugin. -->","yoast_head_json":{"title":"Whistleblower - Meat 2000","robots":{"index":"index","follow":"follow","max-snippet":"max-snippet:-1","max-image-preview":"max-image-preview:large","max-video-preview":"max-video-preview:-1"},"canonical":"https:\/\/www.meat2000.de\/en\/whistleblower\/","og_locale":"en_US","og_type":"article","og_title":"Whistleblower - Meat 2000","og_url":"https:\/\/www.meat2000.de\/en\/whistleblower\/","og_site_name":"Meat 2000","article_modified_time":"2025-07-10T13:04:07+00:00","twitter_card":"summary_large_image","schema":{"@context":"https:\/\/schema.org","@graph":[{"@type":"WebPage","@id":"https:\/\/www.meat2000.de\/en\/whistleblower\/","url":"https:\/\/www.meat2000.de\/en\/whistleblower\/","name":"Whistleblower - Meat 2000","isPartOf":{"@id":"https:\/\/www.meat2000.de\/en\/#website"},"datePublished":"2024-09-10T09:57:06+00:00","dateModified":"2025-07-10T13:04:07+00:00","breadcrumb":{"@id":"https:\/\/www.meat2000.de\/en\/whistleblower\/#breadcrumb"},"inLanguage":"en-US","potentialAction":[{"@type":"ReadAction","target":["https:\/\/www.meat2000.de\/en\/whistleblower\/"]}]},{"@type":"BreadcrumbList","@id":"https:\/\/www.meat2000.de\/en\/whistleblower\/#breadcrumb","itemListElement":[{"@type":"ListItem","position":1,"name":"Startseite","item":"https:\/\/www.meat2000.de\/en\/"},{"@type":"ListItem","position":2,"name":"Whistleblower"}]},{"@type":"WebSite","@id":"https:\/\/www.meat2000.de\/en\/#website","url":"https:\/\/www.meat2000.de\/en\/","name":"Meat 2000","description":"Ihr Experte f\u00fcr Rindfleisch","potentialAction":[{"@type":"SearchAction","target":{"@type":"EntryPoint","urlTemplate":"https:\/\/www.meat2000.de\/en\/?s={search_term_string}"},"query-input":{"@type":"PropertyValueSpecification","valueRequired":true,"valueName":"search_term_string"}}],"inLanguage":"en-US"}]}},"_links":{"self":[{"href":"https:\/\/www.meat2000.de\/en\/wp-json\/wp\/v2\/pages\/2238","targetHints":{"allow":["GET"]}}],"collection":[{"href":"https:\/\/www.meat2000.de\/en\/wp-json\/wp\/v2\/pages"}],"about":[{"href":"https:\/\/www.meat2000.de\/en\/wp-json\/wp\/v2\/types\/page"}],"author":[{"embeddable":true,"href":"https:\/\/www.meat2000.de\/en\/wp-json\/wp\/v2\/users\/1"}],"replies":[{"embeddable":true,"href":"https:\/\/www.meat2000.de\/en\/wp-json\/wp\/v2\/comments?post=2238"}],"version-history":[{"count":8,"href":"https:\/\/www.meat2000.de\/en\/wp-json\/wp\/v2\/pages\/2238\/revisions"}],"predecessor-version":[{"id":2489,"href":"https:\/\/www.meat2000.de\/en\/wp-json\/wp\/v2\/pages\/2238\/revisions\/2489"}],"wp:attachment":[{"href":"https:\/\/www.meat2000.de\/en\/wp-json\/wp\/v2\/media?parent=2238"}],"curies":[{"name":"wp","href":"https:\/\/api.w.org\/{rel}","templated":true}]}}