{"id":42,"date":"2024-09-04T15:57:29","date_gmt":"2024-09-04T14:57:29","guid":{"rendered":"https:\/\/www.meat2000.de\/?page_id=42"},"modified":"2025-07-22T17:32:46","modified_gmt":"2025-07-22T15:32:46","slug":"home","status":"publish","type":"page","link":"https:\/\/www.meat2000.de\/en\/","title":{"rendered":"Home"},"content":{"rendered":"\n            <div class=\"block-hero\">\n    \n                    <div class=\"hero-image\">\n                 <img width=\"1440\" height=\"769\" src=\"https:\/\/www.meat2000.de\/wp-content\/uploads\/2024\/09\/Keyvisual-Meat-Royal-1.png\" class=\"hero-img\" alt=\"\" loading=\"eager\" fetchpriority=\"high\" decoding=\"async\" srcset=\"https:\/\/www.meat2000.de\/wp-content\/uploads\/2024\/09\/Keyvisual-Meat-Royal-1.png 1440w, https:\/\/www.meat2000.de\/wp-content\/uploads\/2024\/09\/Keyvisual-Meat-Royal-1-300x160.png 300w, https:\/\/www.meat2000.de\/wp-content\/uploads\/2024\/09\/Keyvisual-Meat-Royal-1-1024x547.png 1024w, https:\/\/www.meat2000.de\/wp-content\/uploads\/2024\/09\/Keyvisual-Meat-Royal-1-768x410.png 768w\" sizes=\"(max-width: 1440px) 100vw, 1440px\" \/>            <\/div>\n         \n\n                    <div class=\"hero-image logo-bg\">\n                <img decoding=\"async\" width=\"572\" height=\"641\" src=\"https:\/\/www.meat2000.de\/wp-content\/uploads\/2024\/09\/Group-25.png\" class=\"attachment-full size-full\" alt=\"\" loading=\"lazy\" srcset=\"https:\/\/www.meat2000.de\/wp-content\/uploads\/2024\/09\/Group-25.png 572w, https:\/\/www.meat2000.de\/wp-content\/uploads\/2024\/09\/Group-25-268x300.png 268w\" sizes=\"auto, (max-width: 572px) 100vw, 572px\" \/>\n            <\/div>\n         \n\n        <div class=\"container\">\n            <div class=\"hero-wrapper d-flex align-items-center flex-column\">\n                                    <div class=\"logo\">\n                        <img decoding=\"async\" width=\"280\" height=\"248\" src=\"https:\/\/www.meat2000.de\/wp-content\/uploads\/2024\/09\/meat-royal-logo-2021-12-20-weiss-1.png\" class=\"attachment-full size-full\" alt=\"\" loading=\"lazy\" \/>                    <\/div>\n                  \n\n                <h1>\n                                            <span class=\"text-uppercase\">PREMIUM MEAT<\/span>\n                       \n\n                                            <span class=\"subtitle h2\">for the European market<\/span>\n                      \n                <\/h1>\n                \n                                    <div class=\"slogan\">\n                        <span class=\"btn\">Your expert for South American beef<\/span>\n                    <\/div>\n                  \n            <\/div>\n        <\/div>\n    <\/div>\n\n\n\n    <div class=\"block-two-columns-text-with-img text-bg \"\n        id=\"\">\n        <div class=\"container\">\n            <div class=\"row\">\n                                        <div class=\"col-lg-4 col-md-5 col-headline\">\n                        \n                        <div class=\"headline\">\n                                                            <div class=\"top_title h6 color-primary\">About Us<\/div>\n                            \n                                                            <div class=\"title\"><h4>Decades of expertise \u2013 a partner you can rely on<\/h4>\n<\/div>\n                                                    <\/div>\n\n                                                                                                <\/div>\n\n                                                <div class=\"col-lg-8 col-md-7 col-img_logo\">\n                            \n                                                            <div class=\"txt-img-logo text-end\">\n                                    <img decoding=\"async\" width=\"228\" height=\"199\" src=\"https:\/\/www.meat2000.de\/wp-content\/uploads\/2024\/09\/Beef-label-1.png\" class=\"attachment-full size-full\" alt=\"\" loading=\"lazy\" \/>                                <\/div>\n                                                    <\/div>\n\n                        <div class=\"col-md-6 col-text_left\">\n                                                            <p>We offer quality beef from the endless Argentine Pampas, super tender premium meat from grass-fed cattle from Ireland or finest lamb from New Zealand\u2019s grazing grounds. Our product range is as varied as its origins: meat with a strong character and a unique taste for the European trade. As an established meat importer with international expertise and strong partners, we supply the variety of products the European market can expect.<\/p>\n                                                    <\/div>\n\n                        <div class=\"col-md-6 col-text_right\">\n                                                            <p>With over 40 years of trade expertise, excellent international contacts and an experienced sales team with valuable knowledge Meat 2000 is your reliable partner. From our headquarters in Cologne-Porz, we distribute and supply the European trade with nutritious premium meat. Optimum storage capacities ensure that even large quantities of classic products and specialities are available at short notice.<\/p>\n                                                    <\/div>\n                    <\/div>\n\n                                            <div class=\"d-flex justify-content-center\">\n                            <a class=\"btn primary-button\" href=\"https:\/\/www.meat2000.de\/uber-uns\/\"\n                                target=\"\">About us<\/a>\n                        <\/div>\n                                    <\/div>\n            <\/div>\n        \n\n\n    <div class=\"block-media-with-parallax  titlemiddle\">\n        <div class=\"media-with-parallax \">\n                                                <video class=\"media lazy\"\n                        data-src=\"https:\/\/www.meat2000.de\/wp-content\/uploads\/2024\/09\/file-1.mp4\"\n                        data-poster=\"\"\n                        muted loop playsinline webkit-playsinline tabindex=\"-1\">\n                        Your browser does not support the video tag.\n                    <\/video>\n                                 \n        <\/div>\n\n        <div class=\"media-with-parallax-wrapper\">\n            <div class=\"container\">\n                <div class=\"row\">\n                    <div class=\"col-md-8\">\n                          \n                    <\/div>\n                <\/div>\n            <\/div>\n        <\/div>\n    <\/div>\n\n\n\n    <div class=\"block-text text-bg\" id=\"\">\n        <div class=\"container\">\n            <div class=\"row\">\n                <div class=\"col-md-5\">\n                    <div class=\"headline\">\n                                                    <div class=\"top_title h6 color-primary\">Our product line<\/div>\n                        \t\n\n                                                    <div class=\"title\"><h2>Our range: your taste<\/h2>\n<\/div>\n                                            <\/div>\n                <\/div>\n\n                <div class=\"col-md-6 offset-md-1\">\t\n                                            <div class=\"txt-img-text\">\n                            <p>Discover our selection of premium meats, all with a guaranteed origin. We offer tender beef from the vast Argentinian pampas, first-class beef from the natural pastures of Ireland, and exquisite lamb from the lush landscapes of New Zealand. Every origin has its own story, and our range reflects this diversity. As an established European quality meat importer with top contacts, we supply you with premium meat rich in flavour to suit every taste.<\/p>\n                        <\/div>\n                    \t\n                <\/div>\n            <\/div>\n\n                            <div class=\"d-flex justify-content-center\">\n                    <a class=\"btn primary-button\" href=\"https:\/\/www.meat2000.de\/sortiment\/\" target=\"\">Our product lines<\/a>\n                <\/div>\n            \t\n        <\/div>\n    <\/div>\n\n\n\n    <div class=\"block-media-with-parallax ceWithImg titlemiddle\">\n        <div class=\"media-with-parallax overlay-70\">\n                                                    <img decoding=\"async\" width=\"1440\" height=\"666\" src=\"https:\/\/www.meat2000.de\/wp-content\/uploads\/2024\/09\/Bildschirmfoto-2024-06-13-um-13.33.54-2.png\" class=\"media\" alt=\"\" loading=\"lazy\" srcset=\"https:\/\/www.meat2000.de\/wp-content\/uploads\/2024\/09\/Bildschirmfoto-2024-06-13-um-13.33.54-2.png 1440w, https:\/\/www.meat2000.de\/wp-content\/uploads\/2024\/09\/Bildschirmfoto-2024-06-13-um-13.33.54-2-300x139.png 300w, https:\/\/www.meat2000.de\/wp-content\/uploads\/2024\/09\/Bildschirmfoto-2024-06-13-um-13.33.54-2-1024x474.png 1024w, https:\/\/www.meat2000.de\/wp-content\/uploads\/2024\/09\/Bildschirmfoto-2024-06-13-um-13.33.54-2-768x355.png 768w\" sizes=\"auto, (max-width: 1440px) 100vw, 1440px\" \/>                                 \n        <\/div>\n\n        <div class=\"media-with-parallax-wrapper\">\n            <div class=\"container\">\n                <div class=\"row\">\n                    <div class=\"col-md-8\">\n                                                    <h2 class=\"h4 title\">\u201cOur diverse offer ranges from Argentine beef of the finest quality to super tender premium beef from the lush pastures of Ireland to premium Uruguayan beef.\u201d<\/h2> \n                          \n                    <\/div>\n                <\/div>\n            <\/div>\n        <\/div>\n    <\/div>\n\n\n\n        <div class=\"block-image-teasers overlay-bg\" id=\"\">\n            <div class=\"container\">\n                <div class=\"teasers-slider\">\n\n                                            \n                        <div>\n                            <div class=\"row\">\n                                <div class=\"col-md-6\">\n                                    <div class=\"headline\">\n                                                                                    <div class=\"top_title h6 color-primary\">Our product line<\/div>\n                                        \t\n\n                                                                                    <h2 class=\"title h4\">Angus Burger &#038; Carpaccio<\/h2>\n                                                                            <\/div>\n\n                                                                            <div class=\"description\"><p>The Meat Royal range includes high-quality, 100% grain-fed beef products: Angus burgers, made from Argentinian beef, and carpaccio, with a particularly tasty flavour.<\/p>\n<\/div>\n                                    \t\n                                <\/div>\n                            <\/div>\n\n                                                            <div class=\"teaser-image withSecondImg\">\n                                    <img loading=\"lazy\" decoding=\"async\" src=\"https:\/\/www.meat2000.de\/wp-content\/uploads\/2024\/09\/Meat2000-Burger-Mockup-1.png\" width=\"459\" height=\"373\" alt=\"Abbildung der Meat Royal Verpackung von Angus Burger\">\n\n                                                                            <div class=\"second-image\">\n                                           <img loading=\"lazy\" decoding=\"async\" width=\"484\" height=\"517\" src=\"https:\/\/www.meat2000.de\/wp-content\/uploads\/2024\/09\/Meat2000-Carpaccio-Mockup-1.png\" class=\"attachment- size-\" alt=\"Abbildung der Meat Royal Verpackung von Carpaccio\" srcset=\"https:\/\/www.meat2000.de\/wp-content\/uploads\/2024\/09\/Meat2000-Carpaccio-Mockup-1.png 484w, https:\/\/www.meat2000.de\/wp-content\/uploads\/2024\/09\/Meat2000-Carpaccio-Mockup-1-281x300.png 281w\" sizes=\"auto, (max-width: 484px) 100vw, 484px\" \/>\n                                        <\/div>\n                                                                    <\/div>\n                             \n\n                            \t\n                        <\/div>\n                        \n                        <div>\n                            <div class=\"row\">\n                                <div class=\"col-md-6\">\n                                    <div class=\"headline\">\n                                                                                    <div class=\"top_title h6 color-primary\">Our product line<\/div>\n                                        \t\n\n                                                                                    <h2 class=\"title h4\">Finest pasta sauces \u2013 unbeatable aroma<\/h2>\n                                                                            <\/div>\n\n                                                                            <div class=\"description\"><p>Rag\u00f9 alla Bolognese: Italian-style with olive oil and white wine. Ragout \u00e0 la Bolognaise: French style with butter and red wine. We also offer a &#8216;Bambini&#8217; version of Rag\u00f9 alla Bolognese without alcohol, but with lots of tomatoes.<\/p>\n<\/div>\n                                    \t\n                                <\/div>\n                            <\/div>\n\n                                                            <div class=\"teaser-image \">\n                                    <img loading=\"lazy\" decoding=\"async\" src=\"https:\/\/www.meat2000.de\/wp-content\/uploads\/2024\/09\/Unbenannt-2-1.png\" width=\"870\" height=\"430\" alt=\"Abbildung der drei Meat Royal Verpackungen von Rag\u00f9\">\n\n                                                                    <\/div>\n                             \n\n                            \t\n                        <\/div>\n                                                            <\/div>\n\n                <div class=\"buttons-navigation\"><\/div>\n            <\/div>\n        <\/div>\n\n    \t\n    \n\n        <div class=\"block-news bg-light-gray color-black \">\n            <div class=\"container\">\n                <div class=\"headline\">\n                                            <h2 class=\"title h3 color-black\">News<\/h2>\n                                    <\/div>\n\n                <div id=\"news-container-wrapper\">\n                    <div class=\"news-container\">\n                                                    <div class=\"news-item\">\n                                <div class=\"date h6 color-black\">05.05.2025<\/div>\n\n                                <h3 class=\"title h5 color-black\">Coming soon to Meat 2000: Beef Argentina<\/h3>\n                                \n                                                                    <div class=\"image\">\n                                        <img loading=\"lazy\" decoding=\"async\" width=\"300\" height=\"200\" src=\"https:\/\/www.meat2000.de\/wp-content\/uploads\/2025\/05\/PS5_0386-1-300x200.jpg\" class=\"attachment-news-post size-news-post wp-post-image\" alt=\"\" srcset=\"https:\/\/www.meat2000.de\/wp-content\/uploads\/2025\/05\/PS5_0386-1-300x200.jpg 300w, https:\/\/www.meat2000.de\/wp-content\/uploads\/2025\/05\/PS5_0386-1-768x512.jpg 768w, https:\/\/www.meat2000.de\/wp-content\/uploads\/2025\/05\/PS5_0386-1-800x534.jpg 800w, https:\/\/www.meat2000.de\/wp-content\/uploads\/2025\/05\/PS5_0386-1-100x67.jpg 100w, https:\/\/www.meat2000.de\/wp-content\/uploads\/2025\/05\/PS5_0386-1.jpg 1024w\" sizes=\"auto, (max-width: 300px) 100vw, 300px\" \/>                                        <span class=\"btn\">><\/span>\n                                    <\/div>\n                                \n                                <div class=\"excerpt text-medium\"><p>Shortly after the overwhelming success of Meat Royal, we are excited to announce a new product line: Beef Argentina \u2014 premium beef from the heart of South America.<\/p>\n<\/div>\n\n                                <a class=\"link\" href=\"https:\/\/www.meat2000.de\/en\/coming-soon-to-meat-2000-beef-argentina\/\">Coming soon to Meat 2000: Beef Argentina<\/a>\n                            <\/div>\n                                                    <div class=\"news-item\">\n                                <div class=\"date h6 color-black\">25.04.2025<\/div>\n\n                                <h3 class=\"title h5 color-black\">Quick and delicious: Meat Royal ready meals<\/h3>\n                                \n                                                                    <div class=\"image\">\n                                        <img loading=\"lazy\" decoding=\"async\" width=\"300\" height=\"200\" src=\"https:\/\/www.meat2000.de\/wp-content\/uploads\/2025\/04\/PS5_0017-300x200-1.jpg\" class=\"attachment-news-post size-news-post wp-post-image\" alt=\"\" srcset=\"https:\/\/www.meat2000.de\/wp-content\/uploads\/2025\/04\/PS5_0017-300x200-1.jpg 300w, https:\/\/www.meat2000.de\/wp-content\/uploads\/2025\/04\/PS5_0017-300x200-1-100x67.jpg 100w\" sizes=\"auto, (max-width: 300px) 100vw, 300px\" \/>                                        <span class=\"btn\">><\/span>\n                                    <\/div>\n                                \n                                <div class=\"excerpt text-medium\"><p>When you&#8217;re short on time, our Meat Royal pasta dishes are the perfect choice: made with high-quality, flavourful ingredients and easy to prepare.<\/p>\n<\/div>\n\n                                <a class=\"link\" href=\"https:\/\/www.meat2000.de\/en\/quick-and-delicious-meat-royal-ready-meals\/\">Quick and delicious: Meat Royal ready meals<\/a>\n                            <\/div>\n                                                    <div class=\"news-item\">\n                                <div class=\"date h6 color-black\">12.09.2024<\/div>\n\n                                <h3 class=\"title h5 color-black\">Meat 2000 launches the new Meat Royal brand<\/h3>\n                                \n                                                                    <div class=\"image\">\n                                        <img loading=\"lazy\" decoding=\"async\" width=\"324\" height=\"200\" src=\"https:\/\/www.meat2000.de\/wp-content\/uploads\/2024\/09\/Messebild-Blog-324x200.png\" class=\"attachment-news-post size-news-post wp-post-image\" alt=\"\" srcset=\"https:\/\/www.meat2000.de\/wp-content\/uploads\/2024\/09\/Messebild-Blog-324x200.png 324w, https:\/\/www.meat2000.de\/wp-content\/uploads\/2024\/09\/Messebild-Blog-300x185.png 300w, https:\/\/www.meat2000.de\/wp-content\/uploads\/2024\/09\/Messebild-Blog-768x474.png 768w, https:\/\/www.meat2000.de\/wp-content\/uploads\/2024\/09\/Messebild-Blog-800x494.png 800w, https:\/\/www.meat2000.de\/wp-content\/uploads\/2024\/09\/Messebild-Blog-100x62.png 100w, https:\/\/www.meat2000.de\/wp-content\/uploads\/2024\/09\/Messebild-Blog.png 983w\" sizes=\"auto, (max-width: 324px) 100vw, 324px\" \/>                                        <span class=\"btn\">><\/span>\n                                    <\/div>\n                                \n                                <div class=\"excerpt text-medium\"><p>Meat Royal stands for premium meat with a new look: the finest quality meat from animal-friendly farming \u2013 pure enjoyment without compromise.<\/p>\n<\/div>\n\n                                <a class=\"link\" href=\"https:\/\/www.meat2000.de\/en\/meat-2000-launches-the-new-meat-royal-brand\/\">Meat 2000 launches the new Meat Royal brand<\/a>\n                            <\/div>\n                                            <\/div>\n\n                                    <\/div>\n\n                                    <div class=\"d-flex justify-content-center\">\n                        <a class=\"btn\" href=\"https:\/\/www.meat2000.de\/en\/aktuelles\/\" target=\"\">read more<\/a>\n                    <\/div>\n                \t\n            <\/div>\n        <\/div>\n\n            \n\n\n    <div class=\"block-media-with-parallax ceWithImg titlemiddle\">\n        <div class=\"media-with-parallax overlay-40\">\n                                                    <img decoding=\"async\" width=\"1440\" height=\"602\" src=\"https:\/\/www.meat2000.de\/wp-content\/uploads\/2024\/09\/Bildschirmfoto-2024-06-13-um-13.33.54-3.png\" class=\"media\" alt=\"\" loading=\"lazy\" srcset=\"https:\/\/www.meat2000.de\/wp-content\/uploads\/2024\/09\/Bildschirmfoto-2024-06-13-um-13.33.54-3.png 1440w, https:\/\/www.meat2000.de\/wp-content\/uploads\/2024\/09\/Bildschirmfoto-2024-06-13-um-13.33.54-3-300x125.png 300w, https:\/\/www.meat2000.de\/wp-content\/uploads\/2024\/09\/Bildschirmfoto-2024-06-13-um-13.33.54-3-1024x428.png 1024w, https:\/\/www.meat2000.de\/wp-content\/uploads\/2024\/09\/Bildschirmfoto-2024-06-13-um-13.33.54-3-768x321.png 768w\" sizes=\"auto, (max-width: 1440px) 100vw, 1440px\" \/>                                 \n        <\/div>\n\n        <div class=\"media-with-parallax-wrapper\">\n            <div class=\"container\">\n                <div class=\"row\">\n                    <div class=\"col-md-8\">\n                          \n                    <\/div>\n                <\/div>\n            <\/div>\n        <\/div>\n    <\/div>\n","protected":false},"excerpt":{"rendered":"","protected":false},"author":1,"featured_media":0,"parent":0,"menu_order":0,"comment_status":"closed","ping_status":"closed","template":"","meta":{"_acf_changed":false,"footnotes":""},"class_list":["post-42","page","type-page","status-publish","hentry"],"acf":[],"yoast_head":"<!-- This site is optimized with the Yoast SEO plugin v27.2 - https:\/\/yoast.com\/product\/yoast-seo-wordpress\/ -->\n<title>Meat 2000 - premium meat for the European market<\/title>\n<meta name=\"description\" content=\"Meat 2000 is your reliable expert for \u2713Quality beef from Argentina \u2713Beef from Ireland \u2713Lamb from New Zealand. We serve the European market. Find out more!\" \/>\n<meta name=\"robots\" content=\"index, follow, max-snippet:-1, max-image-preview:large, max-video-preview:-1\" \/>\n<link rel=\"canonical\" href=\"https:\/\/www.meat2000.de\/en\/\" \/>\n<meta property=\"og:locale\" content=\"en_US\" \/>\n<meta property=\"og:type\" content=\"article\" \/>\n<meta property=\"og:title\" content=\"Meat 2000 - premium meat for the European market\" \/>\n<meta property=\"og:description\" content=\"Meat 2000 is your reliable expert for \u2713Quality beef from Argentina \u2713Beef from Ireland \u2713Lamb from New Zealand. We serve the European market. Find out more!\" \/>\n<meta property=\"og:url\" content=\"https:\/\/www.meat2000.de\/en\/\" \/>\n<meta property=\"og:site_name\" content=\"Meat 2000\" \/>\n<meta property=\"article:modified_time\" content=\"2025-07-22T15:32:46+00:00\" \/>\n<meta name=\"twitter:card\" content=\"summary_large_image\" \/>\n<script type=\"application\/ld+json\" class=\"yoast-schema-graph\">{\"@context\":\"https:\/\/schema.org\",\"@graph\":[{\"@type\":\"WebPage\",\"@id\":\"https:\/\/www.meat2000.de\/en\/\",\"url\":\"https:\/\/www.meat2000.de\/en\/\",\"name\":\"Meat 2000 - premium meat for the European market\",\"isPartOf\":{\"@id\":\"https:\/\/www.meat2000.de\/en\/#website\"},\"datePublished\":\"2024-09-04T14:57:29+00:00\",\"dateModified\":\"2025-07-22T15:32:46+00:00\",\"description\":\"Meat 2000 is your reliable expert for \u2713Quality beef from Argentina \u2713Beef from Ireland \u2713Lamb from New Zealand. We serve the European market. Find out more!\",\"breadcrumb\":{\"@id\":\"https:\/\/www.meat2000.de\/en\/#breadcrumb\"},\"inLanguage\":\"en-US\",\"potentialAction\":[{\"@type\":\"ReadAction\",\"target\":[\"https:\/\/www.meat2000.de\/en\/\"]}]},{\"@type\":\"BreadcrumbList\",\"@id\":\"https:\/\/www.meat2000.de\/en\/#breadcrumb\",\"itemListElement\":[{\"@type\":\"ListItem\",\"position\":1,\"name\":\"Startseite\",\"item\":\"https:\/\/www.meat2000.de\/en\/\"},{\"@type\":\"ListItem\",\"position\":2,\"name\":\"Home\"}]},{\"@type\":\"WebSite\",\"@id\":\"https:\/\/www.meat2000.de\/en\/#website\",\"url\":\"https:\/\/www.meat2000.de\/en\/\",\"name\":\"Meat 2000\",\"description\":\"Ihr Experte f\u00fcr Rindfleisch\",\"potentialAction\":[{\"@type\":\"SearchAction\",\"target\":{\"@type\":\"EntryPoint\",\"urlTemplate\":\"https:\/\/www.meat2000.de\/en\/?s={search_term_string}\"},\"query-input\":{\"@type\":\"PropertyValueSpecification\",\"valueRequired\":true,\"valueName\":\"search_term_string\"}}],\"inLanguage\":\"en-US\"}]}<\/script>\n<!-- \/ Yoast SEO plugin. -->","yoast_head_json":{"title":"Meat 2000 - premium meat for the European market","description":"Meat 2000 is your reliable expert for \u2713Quality beef from Argentina \u2713Beef from Ireland \u2713Lamb from New Zealand. We serve the European market. Find out more!","robots":{"index":"index","follow":"follow","max-snippet":"max-snippet:-1","max-image-preview":"max-image-preview:large","max-video-preview":"max-video-preview:-1"},"canonical":"https:\/\/www.meat2000.de\/en\/","og_locale":"en_US","og_type":"article","og_title":"Meat 2000 - premium meat for the European market","og_description":"Meat 2000 is your reliable expert for \u2713Quality beef from Argentina \u2713Beef from Ireland \u2713Lamb from New Zealand. We serve the European market. Find out more!","og_url":"https:\/\/www.meat2000.de\/en\/","og_site_name":"Meat 2000","article_modified_time":"2025-07-22T15:32:46+00:00","twitter_card":"summary_large_image","schema":{"@context":"https:\/\/schema.org","@graph":[{"@type":"WebPage","@id":"https:\/\/www.meat2000.de\/en\/","url":"https:\/\/www.meat2000.de\/en\/","name":"Meat 2000 - premium meat for the European market","isPartOf":{"@id":"https:\/\/www.meat2000.de\/en\/#website"},"datePublished":"2024-09-04T14:57:29+00:00","dateModified":"2025-07-22T15:32:46+00:00","description":"Meat 2000 is your reliable expert for \u2713Quality beef from Argentina \u2713Beef from Ireland \u2713Lamb from New Zealand. We serve the European market. Find out more!","breadcrumb":{"@id":"https:\/\/www.meat2000.de\/en\/#breadcrumb"},"inLanguage":"en-US","potentialAction":[{"@type":"ReadAction","target":["https:\/\/www.meat2000.de\/en\/"]}]},{"@type":"BreadcrumbList","@id":"https:\/\/www.meat2000.de\/en\/#breadcrumb","itemListElement":[{"@type":"ListItem","position":1,"name":"Startseite","item":"https:\/\/www.meat2000.de\/en\/"},{"@type":"ListItem","position":2,"name":"Home"}]},{"@type":"WebSite","@id":"https:\/\/www.meat2000.de\/en\/#website","url":"https:\/\/www.meat2000.de\/en\/","name":"Meat 2000","description":"Ihr Experte f\u00fcr Rindfleisch","potentialAction":[{"@type":"SearchAction","target":{"@type":"EntryPoint","urlTemplate":"https:\/\/www.meat2000.de\/en\/?s={search_term_string}"},"query-input":{"@type":"PropertyValueSpecification","valueRequired":true,"valueName":"search_term_string"}}],"inLanguage":"en-US"}]}},"_links":{"self":[{"href":"https:\/\/www.meat2000.de\/en\/wp-json\/wp\/v2\/pages\/42","targetHints":{"allow":["GET"]}}],"collection":[{"href":"https:\/\/www.meat2000.de\/en\/wp-json\/wp\/v2\/pages"}],"about":[{"href":"https:\/\/www.meat2000.de\/en\/wp-json\/wp\/v2\/types\/page"}],"author":[{"embeddable":true,"href":"https:\/\/www.meat2000.de\/en\/wp-json\/wp\/v2\/users\/1"}],"replies":[{"embeddable":true,"href":"https:\/\/www.meat2000.de\/en\/wp-json\/wp\/v2\/comments?post=42"}],"version-history":[{"count":54,"href":"https:\/\/www.meat2000.de\/en\/wp-json\/wp\/v2\/pages\/42\/revisions"}],"predecessor-version":[{"id":2727,"href":"https:\/\/www.meat2000.de\/en\/wp-json\/wp\/v2\/pages\/42\/revisions\/2727"}],"wp:attachment":[{"href":"https:\/\/www.meat2000.de\/en\/wp-json\/wp\/v2\/media?parent=42"}],"curies":[{"name":"wp","href":"https:\/\/api.w.org\/{rel}","templated":true}]}}